{"id":499,"date":"2024-05-28T19:59:20","date_gmt":"2024-05-28T19:59:20","guid":{"rendered":"https:\/\/ayg.creativocaracol.com\/?post_type=product&#038;p=499"},"modified":"2024-05-28T19:59:21","modified_gmt":"2024-05-28T19:59:21","slug":"guante-resistente-a-quimicos-safe-fit","status":"publish","type":"product","link":"https:\/\/aygserviciosindustriales.com\/?product=guante-resistente-a-quimicos-safe-fit","title":{"rendered":"GUANTE RESISTENTE A QU\u00cdMICOS SAFE-FIT"},"content":{"rendered":"","protected":false},"excerpt":{"rendered":"<ul data-rte-list=\"default\">\n<li>\n<p class=\"\"><strong>DESCRIPCI\u00d3N<\/strong><\/p>\n<p class=\"\">Guante resistente al corte nivel 4. Recubrimiento de nitrilo laminado color cyan obscuro, 14\u201d de largo, acabado Mach, color cyan obscuro en palma y dedos. Forro interno fibra Tuffalene\u00ae, cal. 18 sin costuras.<\/p>\n<\/li>\n<li>\n<p class=\"\"><strong>CARACTER\u00cdSTICAS<\/strong><\/p>\n<p class=\"\">\u2022 Excelente agarre en condiciones de alta concentraci\u00f3n de l\u00edquidos y\/o aceites. Alta resistencia al corte y a la abrasi\u00f3n. \u2022 Proporciona muy buena resistencia a algunos qu\u00edmicos y solventes. \u2022 No libera fibras y\/o contaminantes que puedan da\u00f1ar y\/o contaminar el producto. \u2022 Impermeabilidad y flexibilidad. \u2022 Xtreme Foam Technology (Nitrilo\/PU)<\/p>\n<\/li>\n<li>\n<p class=\"\"><strong>RECOMENDACIONES DE USO<\/strong><\/p>\n<p class=\"\">\u2022 Manejo de materiales con saturaci\u00f3n de l\u00edquidos y\/o aceite con riesgo de corte. \u2022 Manejo de algunos qu\u00edmicos y materiales abrasivos. \u2022 Procesamiento de alimentos, mantenimiento y servicios sanitarios. \u2022 Manejo de insecticidas y\/o fertilizantes. \u2022 Usos generales. \u2022 Industria: Qu\u00edmica. Metalmec\u00e1nica. Alimenticia. Agr\u00edcola. Servicios P\u00fablicos.<\/p>\n<\/li>\n<\/ul>\n","protected":false},"featured_media":500,"template":"","meta":{"site-sidebar-layout":"default","site-content-layout":"","ast-site-content-layout":"default","site-content-style":"default","site-sidebar-style":"default","ast-global-header-display":"","ast-banner-title-visibility":"","ast-main-header-display":"","ast-hfb-above-header-display":"","ast-hfb-below-header-display":"","ast-hfb-mobile-header-display":"","site-post-title":"","ast-breadcrumbs-content":"","ast-featured-img":"","footer-sml-layout":"","theme-transparent-header-meta":"default","adv-header-id-meta":"","stick-header-meta":"","header-above-stick-meta":"","header-main-stick-meta":"","header-below-stick-meta":"","astra-migrate-meta-layouts":"set","ast-page-background-enabled":"default","ast-page-background-meta":{"desktop":{"background-color":"var(--ast-global-color-4)","background-image":"","background-repeat":"repeat","background-position":"center center","background-size":"auto","background-attachment":"scroll","background-type":"","background-media":"","overlay-type":"","overlay-color":"","overlay-opacity":"","overlay-gradient":""},"tablet":{"background-color":"","background-image":"","background-repeat":"repeat","background-position":"center center","background-size":"auto","background-attachment":"scroll","background-type":"","background-media":"","overlay-type":"","overlay-color":"","overlay-opacity":"","overlay-gradient":""},"mobile":{"background-color":"","background-image":"","background-repeat":"repeat","background-position":"center center","background-size":"auto","background-attachment":"scroll","background-type":"","background-media":"","overlay-type":"","overlay-color":"","overlay-opacity":"","overlay-gradient":""}},"ast-content-background-meta":{"desktop":{"background-color":"var(--ast-global-color-5)","background-image":"","background-repeat":"repeat","background-position":"center center","background-size":"auto","background-attachment":"scroll","background-type":"","background-media":"","overlay-type":"","overlay-color":"","overlay-opacity":"","overlay-gradient":""},"tablet":{"background-color":"var(--ast-global-color-5)","background-image":"","background-repeat":"repeat","background-position":"center center","background-size":"auto","background-attachment":"scroll","background-type":"","background-media":"","overlay-type":"","overlay-color":"","overlay-opacity":"","overlay-gradient":""},"mobile":{"background-color":"var(--ast-global-color-5)","background-image":"","background-repeat":"repeat","background-position":"center center","background-size":"auto","background-attachment":"scroll","background-type":"","background-media":"","overlay-type":"","overlay-color":"","overlay-opacity":"","overlay-gradient":""}}},"product_cat":[19],"product_tag":[],"_links":{"self":[{"href":"https:\/\/aygserviciosindustriales.com\/index.php?rest_route=\/wp\/v2\/product\/499"}],"collection":[{"href":"https:\/\/aygserviciosindustriales.com\/index.php?rest_route=\/wp\/v2\/product"}],"about":[{"href":"https:\/\/aygserviciosindustriales.com\/index.php?rest_route=\/wp\/v2\/types\/product"}],"wp:featuredmedia":[{"embeddable":true,"href":"https:\/\/aygserviciosindustriales.com\/index.php?rest_route=\/wp\/v2\/media\/500"}],"wp:attachment":[{"href":"https:\/\/aygserviciosindustriales.com\/index.php?rest_route=%2Fwp%2Fv2%2Fmedia&parent=499"}],"wp:term":[{"taxonomy":"product_cat","embeddable":true,"href":"https:\/\/aygserviciosindustriales.com\/index.php?rest_route=%2Fwp%2Fv2%2Fproduct_cat&post=499"},{"taxonomy":"product_tag","embeddable":true,"href":"https:\/\/aygserviciosindustriales.com\/index.php?rest_route=%2Fwp%2Fv2%2Fproduct_tag&post=499"}],"curies":[{"name":"wp","href":"https:\/\/api.w.org\/{rel}","templated":true}]}}