{"id":421,"date":"2024-05-28T16:59:09","date_gmt":"2024-05-28T16:59:09","guid":{"rendered":"https:\/\/ayg.creativocaracol.com\/?post_type=product&#038;p=421"},"modified":"2024-05-28T16:59:09","modified_gmt":"2024-05-28T16:59:09","slug":"calzado-de-seguridad-safe-fit-mod-sf-h1","status":"publish","type":"product","link":"https:\/\/aygserviciosindustriales.com\/?product=calzado-de-seguridad-safe-fit-mod-sf-h1","title":{"rendered":"CALZADO DE SEGURIDAD SAFE-FIT MOD SF-H1"},"content":{"rendered":"","protected":false},"excerpt":{"rendered":"<p class=\"\">Corte choclo, eco leather calibre 20 -22, con soporte de microfibra de nylon y acabado polim\u00e9rico resistente al desgarre y excelentes propiedades a la abrasi\u00f3n, impermeable y gran durabilidad.<\/p>\n<p class=\"\">Soporte de tal\u00f3n termopl\u00e1stico conformado, proporciona tal\u00f3n r\u00edgido, sin perder el confort compuesto por no-tejido impregnado de resinas.<\/p>\n<p class=\"\">Casco de Poliamida, resistente a la oxidaci\u00f3n, al impacto y compresi\u00f3n, cumple NOM-113-STPS-2009.<\/p>\n<p class=\"\">Plantilla de poliuretano de alta densidad, antibacterial, removible, confortable y ergon\u00f3mica.<\/p>\n","protected":false},"featured_media":422,"template":"","meta":{"site-sidebar-layout":"default","site-content-layout":"","ast-site-content-layout":"default","site-content-style":"default","site-sidebar-style":"default","ast-global-header-display":"","ast-banner-title-visibility":"","ast-main-header-display":"","ast-hfb-above-header-display":"","ast-hfb-below-header-display":"","ast-hfb-mobile-header-display":"","site-post-title":"","ast-breadcrumbs-content":"","ast-featured-img":"","footer-sml-layout":"","theme-transparent-header-meta":"default","adv-header-id-meta":"","stick-header-meta":"","header-above-stick-meta":"","header-main-stick-meta":"","header-below-stick-meta":"","astra-migrate-meta-layouts":"set","ast-page-background-enabled":"default","ast-page-background-meta":{"desktop":{"background-color":"var(--ast-global-color-4)","background-image":"","background-repeat":"repeat","background-position":"center center","background-size":"auto","background-attachment":"scroll","background-type":"","background-media":"","overlay-type":"","overlay-color":"","overlay-opacity":"","overlay-gradient":""},"tablet":{"background-color":"","background-image":"","background-repeat":"repeat","background-position":"center center","background-size":"auto","background-attachment":"scroll","background-type":"","background-media":"","overlay-type":"","overlay-color":"","overlay-opacity":"","overlay-gradient":""},"mobile":{"background-color":"","background-image":"","background-repeat":"repeat","background-position":"center center","background-size":"auto","background-attachment":"scroll","background-type":"","background-media":"","overlay-type":"","overlay-color":"","overlay-opacity":"","overlay-gradient":""}},"ast-content-background-meta":{"desktop":{"background-color":"var(--ast-global-color-5)","background-image":"","background-repeat":"repeat","background-position":"center center","background-size":"auto","background-attachment":"scroll","background-type":"","background-media":"","overlay-type":"","overlay-color":"","overlay-opacity":"","overlay-gradient":""},"tablet":{"background-color":"var(--ast-global-color-5)","background-image":"","background-repeat":"repeat","background-position":"center center","background-size":"auto","background-attachment":"scroll","background-type":"","background-media":"","overlay-type":"","overlay-color":"","overlay-opacity":"","overlay-gradient":""},"mobile":{"background-color":"var(--ast-global-color-5)","background-image":"","background-repeat":"repeat","background-position":"center center","background-size":"auto","background-attachment":"scroll","background-type":"","background-media":"","overlay-type":"","overlay-color":"","overlay-opacity":"","overlay-gradient":""}}},"product_cat":[23],"product_tag":[],"_links":{"self":[{"href":"https:\/\/aygserviciosindustriales.com\/index.php?rest_route=\/wp\/v2\/product\/421"}],"collection":[{"href":"https:\/\/aygserviciosindustriales.com\/index.php?rest_route=\/wp\/v2\/product"}],"about":[{"href":"https:\/\/aygserviciosindustriales.com\/index.php?rest_route=\/wp\/v2\/types\/product"}],"wp:featuredmedia":[{"embeddable":true,"href":"https:\/\/aygserviciosindustriales.com\/index.php?rest_route=\/wp\/v2\/media\/422"}],"wp:attachment":[{"href":"https:\/\/aygserviciosindustriales.com\/index.php?rest_route=%2Fwp%2Fv2%2Fmedia&parent=421"}],"wp:term":[{"taxonomy":"product_cat","embeddable":true,"href":"https:\/\/aygserviciosindustriales.com\/index.php?rest_route=%2Fwp%2Fv2%2Fproduct_cat&post=421"},{"taxonomy":"product_tag","embeddable":true,"href":"https:\/\/aygserviciosindustriales.com\/index.php?rest_route=%2Fwp%2Fv2%2Fproduct_tag&post=421"}],"curies":[{"name":"wp","href":"https:\/\/api.w.org\/{rel}","templated":true}]}}