{"id":368,"date":"2024-05-28T00:12:17","date_gmt":"2024-05-28T00:12:17","guid":{"rendered":"https:\/\/ayg.creativocaracol.com\/?post_type=product&#038;p=368"},"modified":"2024-05-28T18:08:09","modified_gmt":"2024-05-28T18:08:09","slug":"tapones-para-oidos-de-espuma-3m-110","status":"publish","type":"product","link":"https:\/\/aygserviciosindustriales.com\/?product=tapones-para-oidos-de-espuma-3m-110","title":{"rendered":"TAPONES PARA O\u00cdDOS DE ESPUMA 3M 110"},"content":{"rendered":"","protected":false},"excerpt":{"rendered":"<p class=\"mds-font_body sps2-pdp_description--benefit\">La superficie lisa y resistente a la suciedad proporciona una mejor higiene.<\/p>\n<p class=\"mds-font_body sps2-pdp_description--benefit\">Los tapones para los o\u00eddos son f\u00e1ciles de enrollar para un ajuste r\u00e1pido y sencillo.<\/p>\n<p class=\"mds-font_body sps2-pdp_description--benefit\">El dise\u00f1o c\u00f3nico se adapta c\u00f3modamente a los canales auditivos.<\/p>\n","protected":false},"featured_media":453,"template":"","meta":{"site-sidebar-layout":"default","site-content-layout":"","ast-site-content-layout":"default","site-content-style":"default","site-sidebar-style":"default","ast-global-header-display":"","ast-banner-title-visibility":"","ast-main-header-display":"","ast-hfb-above-header-display":"","ast-hfb-below-header-display":"","ast-hfb-mobile-header-display":"","site-post-title":"","ast-breadcrumbs-content":"","ast-featured-img":"","footer-sml-layout":"","theme-transparent-header-meta":"default","adv-header-id-meta":"","stick-header-meta":"","header-above-stick-meta":"","header-main-stick-meta":"","header-below-stick-meta":"","astra-migrate-meta-layouts":"set","ast-page-background-enabled":"default","ast-page-background-meta":{"desktop":{"background-color":"var(--ast-global-color-4)","background-image":"","background-repeat":"repeat","background-position":"center center","background-size":"auto","background-attachment":"scroll","background-type":"","background-media":"","overlay-type":"","overlay-color":"","overlay-opacity":"","overlay-gradient":""},"tablet":{"background-color":"","background-image":"","background-repeat":"repeat","background-position":"center center","background-size":"auto","background-attachment":"scroll","background-type":"","background-media":"","overlay-type":"","overlay-color":"","overlay-opacity":"","overlay-gradient":""},"mobile":{"background-color":"","background-image":"","background-repeat":"repeat","background-position":"center center","background-size":"auto","background-attachment":"scroll","background-type":"","background-media":"","overlay-type":"","overlay-color":"","overlay-opacity":"","overlay-gradient":""}},"ast-content-background-meta":{"desktop":{"background-color":"var(--ast-global-color-5)","background-image":"","background-repeat":"repeat","background-position":"center center","background-size":"auto","background-attachment":"scroll","background-type":"","background-media":"","overlay-type":"","overlay-color":"","overlay-opacity":"","overlay-gradient":""},"tablet":{"background-color":"var(--ast-global-color-5)","background-image":"","background-repeat":"repeat","background-position":"center center","background-size":"auto","background-attachment":"scroll","background-type":"","background-media":"","overlay-type":"","overlay-color":"","overlay-opacity":"","overlay-gradient":""},"mobile":{"background-color":"var(--ast-global-color-5)","background-image":"","background-repeat":"repeat","background-position":"center center","background-size":"auto","background-attachment":"scroll","background-type":"","background-media":"","overlay-type":"","overlay-color":"","overlay-opacity":"","overlay-gradient":""}}},"product_cat":[21],"product_tag":[],"_links":{"self":[{"href":"https:\/\/aygserviciosindustriales.com\/index.php?rest_route=\/wp\/v2\/product\/368"}],"collection":[{"href":"https:\/\/aygserviciosindustriales.com\/index.php?rest_route=\/wp\/v2\/product"}],"about":[{"href":"https:\/\/aygserviciosindustriales.com\/index.php?rest_route=\/wp\/v2\/types\/product"}],"wp:featuredmedia":[{"embeddable":true,"href":"https:\/\/aygserviciosindustriales.com\/index.php?rest_route=\/wp\/v2\/media\/453"}],"wp:attachment":[{"href":"https:\/\/aygserviciosindustriales.com\/index.php?rest_route=%2Fwp%2Fv2%2Fmedia&parent=368"}],"wp:term":[{"taxonomy":"product_cat","embeddable":true,"href":"https:\/\/aygserviciosindustriales.com\/index.php?rest_route=%2Fwp%2Fv2%2Fproduct_cat&post=368"},{"taxonomy":"product_tag","embeddable":true,"href":"https:\/\/aygserviciosindustriales.com\/index.php?rest_route=%2Fwp%2Fv2%2Fproduct_tag&post=368"}],"curies":[{"name":"wp","href":"https:\/\/api.w.org\/{rel}","templated":true}]}}